{"id":467,"date":"2022-11-14T18:44:45","date_gmt":"2022-11-14T17:44:45","guid":{"rendered":"https:\/\/angelgemeinschaft.com\/?page_id=467"},"modified":"2026-03-25T21:25:40","modified_gmt":"2026-03-25T20:25:40","slug":"fisch-bestellung","status":"publish","type":"page","link":"https:\/\/angelgemeinschaft.com\/?page_id=467","title":{"rendered":"Fisch-Bestellung   |"},"content":{"rendered":"\n<p class=\"has-vivid-red-color has-text-color has-link-color has-large-font-size wp-elements-af971e66b1629768aecb0b4a5df4c2ec\">Die Fischbestellung f\u00fcr das Osterr\u00e4uchern ist zu Ende.<\/p>\n\n\n\n<p class=\"has-vivid-green-cyan-color has-text-color has-link-color wp-elements-2a01180342af993cb897cf700604d1f1\"><\/p>\n\n\n\n<p class=\"has-vivid-green-cyan-color has-text-color has-link-color has-large-font-size wp-elements-eb79464695e6c05be28252f5d62f6f1f\">Die bestellten Fische k\u00f6nnen am 03.04.2026 zwischen 16:00 Uhr und<\/p>\n\n\n\n<p class=\"has-vivid-green-cyan-color has-text-color has-link-color has-large-font-size wp-elements-df424bb3bcf4a0b753d3a653cd549b70\"><br>17:00 Uhr am Angelheim (M\u00fchlstra\u00dfe) abgeholt werden.<\/p>\n\n\n\n<p><\/p>\n","protected":false},"excerpt":{"rendered":"<p>Die Fischbestellung f\u00fcr das Osterr\u00e4uchern ist zu Ende. Die bestellten Fische k\u00f6nnen am 03.04.2026 zwischen 16:00 Uhr und 17:00 Uhr am Angelheim (M\u00fchlstra\u00dfe) abgeholt werden.<\/p>\n","protected":false},"author":1,"featured_media":0,"parent":0,"menu_order":0,"comment_status":"closed","ping_status":"closed","template":"","meta":{"ngg_post_thumbnail":0,"footnotes":""},"class_list":["post-467","page","type-page","status-publish","hentry"],"_links":{"self":[{"href":"https:\/\/angelgemeinschaft.com\/index.php?rest_route=\/wp\/v2\/pages\/467","targetHints":{"allow":["GET"]}}],"collection":[{"href":"https:\/\/angelgemeinschaft.com\/index.php?rest_route=\/wp\/v2\/pages"}],"about":[{"href":"https:\/\/angelgemeinschaft.com\/index.php?rest_route=\/wp\/v2\/types\/page"}],"author":[{"embeddable":true,"href":"https:\/\/angelgemeinschaft.com\/index.php?rest_route=\/wp\/v2\/users\/1"}],"replies":[{"embeddable":true,"href":"https:\/\/angelgemeinschaft.com\/index.php?rest_route=%2Fwp%2Fv2%2Fcomments&post=467"}],"version-history":[{"count":42,"href":"https:\/\/angelgemeinschaft.com\/index.php?rest_route=\/wp\/v2\/pages\/467\/revisions"}],"predecessor-version":[{"id":1003,"href":"https:\/\/angelgemeinschaft.com\/index.php?rest_route=\/wp\/v2\/pages\/467\/revisions\/1003"}],"wp:attachment":[{"href":"https:\/\/angelgemeinschaft.com\/index.php?rest_route=%2Fwp%2Fv2%2Fmedia&parent=467"}],"curies":[{"name":"wp","href":"https:\/\/api.w.org\/{rel}","templated":true}]}}