{"id":400,"date":"2022-11-14T16:53:52","date_gmt":"2022-11-14T15:53:52","guid":{"rendered":"https:\/\/angelgemeinschaft.com\/?page_id=400"},"modified":"2025-10-10T10:33:02","modified_gmt":"2025-10-10T08:33:02","slug":"der-verein","status":"publish","type":"page","link":"https:\/\/angelgemeinschaft.com\/?page_id=400","title":{"rendered":"Der Verein  |"},"content":{"rendered":"\n<p><\/p>\n\n\n<style>.wp-block-kadence-spacer.kt-block-spacer-400_ed2ac1-e9 .kt-block-spacer{height:60px;}.wp-block-kadence-spacer.kt-block-spacer-400_ed2ac1-e9 .kt-divider{border-top-width:1px;height:1px;border-top-color:#4ad32f;width:80%;border-top-style:solid;}<\/style>\n<div class=\"wp-block-kadence-spacer aligncenter kt-block-spacer-400_ed2ac1-e9\"><div class=\"kt-block-spacer kt-block-spacer-halign-center\"><hr class=\"kt-divider\"\/><\/div><\/div>\n\n\n<style>.kt-tabs-id400_5face3-9f > .kt-tabs-content-wrap > .wp-block-kadence-tab{border-top:3px solid #4ad32f;border-right:0px solid #4ad32f;border-bottom:0px solid #4ad32f;border-left:0px solid #4ad32f;border-top-left-radius:0px;border-top-right-radius:0px;border-bottom-right-radius:0px;border-bottom-left-radius:0px;padding-top:20px;padding-right:20px;padding-bottom:20px;padding-left:20px;background:#ffffff;}.wp-block-kadence-tabs .kt-tabs-id400_5face3-9f > .kt-tabs-title-list li{margin-top:0px;margin-right:8px;margin-bottom:0px;margin-left:0px;}.wp-block-kadence-tabs .kt-tabs-id400_5face3-9f > .kt-tabs-title-list li:last-child{margin-right:0px;}.wp-block-kadence-tabs .kt-tabs-id400_5face3-9f > .kt-tabs-title-list li .kt-tab-title, .wp-block-kadence-tabs .kt-tabs-id400_5face3-9f > .kt-tabs-content-wrap > .kt-tabs-accordion-title .kt-tab-title{line-height:1.4em;font-weight:regular;font-style:normal;border-top-width:0px;border-right-width:0px;border-bottom-width:0px;border-left-width:0px;border-top-left-radius:4px;border-top-right-radius:4px;border-bottom-right-radius:0px;border-bottom-left-radius:0px;padding-top:8px;padding-right:20px;padding-bottom:8px;padding-left:20px;border-color:#eeeeee;color:#222222;background:#eeeeee;}.wp-block-kadence-tabs .kt-tabs-id400_5face3-9f > .kt-tabs-content-wrap > .kt-tabs-accordion-title .kt-tab-title{margin-top:0px;margin-right:8px;margin-bottom:0px;margin-left:0px;}.wp-block-kadence-tabs .kt-tabs-id400_5face3-9f > .kt-tabs-title-list li .kt-tab-title:hover, .wp-block-kadence-tabs .kt-tabs-id400_5face3-9f > .kt-tabs-content-wrap > .kt-tabs-accordion-title .kt-tab-title:hover{border-color:#eeeeee;color:#222222;background:#e2e2e2;}.wp-block-kadence-tabs .kt-tabs-id400_5face3-9f > .kt-tabs-title-list li.kt-tab-title-active .kt-tab-title, .wp-block-kadence-tabs .kt-tabs-id400_5face3-9f > .kt-tabs-content-wrap > .kt-tabs-accordion-title.kt-tab-title-active .kt-tab-title{border-color:#eeeeee;color:#ffffff;background:#4ad32f;}@media all and (max-width: 1024px){.kt-tabs-id400_5face3-9f > .kt-tabs-content-wrap > .wp-block-kadence-tab{border-top:3px solid #4ad32f;border-right:0px solid #4ad32f;border-bottom:0px solid #4ad32f;border-left:0px solid #4ad32f;}}@media all and (max-width: 767px){.kt-tabs-id400_5face3-9f > .kt-tabs-content-wrap > .wp-block-kadence-tab{border-top:3px solid #4ad32f;border-right:0px solid #4ad32f;border-bottom:0px solid #4ad32f;border-left:0px solid #4ad32f;}}<\/style>\n<div class=\"wp-block-kadence-tabs alignnone\"><div class=\"kt-tabs-wrap kt-tabs-id400_5face3-9f kt-tabs-has-6-tabs kt-active-tab-2 kt-tabs-layout-tabs kt-tabs-tablet-layout-inherit kt-tabs-mobile-layout-inherit kt-tab-alignment-left \"><ul class=\"kt-tabs-title-list\"><li id=\"tab-satzung\" class=\"kt-title-item kt-title-item-1 kt-tabs-svg-show-always kt-tabs-icon-side-right kt-tab-title-inactive\"><a href=\"#tab-satzung\" data-tab=\"1\" class=\"kt-tab-title kt-tab-title-1 \"><span class=\"kt-title-text\">Satzung<\/span><\/a><\/li><li id=\"tab-aufnahmeantrag\" class=\"kt-title-item kt-title-item-2 kt-tabs-svg-show-always kt-tabs-icon-side-right kt-tab-title-active\"><a href=\"#tab-aufnahmeantrag\" data-tab=\"2\" class=\"kt-tab-title kt-tab-title-2 \"><span class=\"kt-title-text\">Aufnahmeantrag<\/span><\/a><\/li><li id=\"tab-vorstandschaft\" class=\"kt-title-item kt-title-item-3 kt-tabs-svg-show-always kt-tabs-icon-side-right kt-tab-title-inactive\"><a href=\"#tab-vorstandschaft\" data-tab=\"3\" class=\"kt-tab-title kt-tab-title-3 \"><span class=\"kt-title-text\">Vorstandschaft<\/span><\/a><\/li><li id=\"tab-vereinsgeschichte\" class=\"kt-title-item kt-title-item-4 kt-tabs-svg-show-always kt-tabs-icon-side-right kt-tab-title-inactive\"><a href=\"#tab-vereinsgeschichte\" data-tab=\"4\" class=\"kt-tab-title kt-tab-title-4 \"><span class=\"kt-title-text\">Vereinsgeschichte<\/span><\/a><\/li><li id=\"tab-schonmaezeiten\" class=\"kt-title-item kt-title-item-5 kt-tabs-svg-show-always kt-tabs-icon-side-right kt-tab-title-inactive\"><a href=\"#tab-schonmaezeiten\" data-tab=\"5\" class=\"kt-tab-title kt-tab-title-5 \"><span class=\"kt-title-text\">Schonma\u00dfe \/ Zeiten<\/span><\/a><\/li><li id=\"tab-rechtliches\" class=\"kt-title-item kt-title-item-6 kt-tabs-svg-show-always kt-tabs-icon-side-right kt-tab-title-inactive\"><a href=\"#tab-rechtliches\" data-tab=\"6\" class=\"kt-tab-title kt-tab-title-6 \"><span class=\"kt-title-text\">Rechtliches<\/span><\/a><\/li><\/ul><div class=\"kt-tabs-content-wrap\">\n<div class=\"wp-block-kadence-tab kt-tab-inner-content kt-inner-tab-1 kt-inner-tab2d6caf-5f\"><div class=\"kt-tab-inner-content-inner\">\n<p><strong>Satzung der Angelgemeinschaft Gro\u00dfbardorf e.V.<\/strong><\/p>\n\n\n\n<p><strong>\u00a7 1 Name, Sitz und Zweck des Vereins<\/strong><\/p>\n\n\n\n<p>1. Der Verein f\u00fchrt den Namen&nbsp;<strong>&#8222;Angelgemeinschaft Gro\u00dfbardorf e.V.&#8220;&nbsp;<\/strong>und hat seinen Sitz in Gro\u00dfbardorf. Der Verein ist ins Vereinsregister eingetragen.<\/p>\n\n\n\n<p>2. Der Verein verfolgt ausschlie\u00dflich und unmittelbar gemeinn\u00fctzige Zwecke im Sinne des Abschnitts &#8222;Steuerbeg\u00fcnstigte Zwecke&#8220; der Abgabenordnung.<\/p>\n\n\n\n<p>3. Der Zweck des Vereins ist die F\u00f6rderung des Naturschutzes und der Landschaftspflege, des Umweltschutzes und der F\u00f6rderung der Tierzucht.<\/p>\n\n\n\n<p>4. Der Satzungszweck wir verwirklicht insbesondere durch<br>Vertretung der Mitgliederinteressen bei der Schaffung, Erhaltung und dem Ausbau geeigneter Gelegenheiten zur Aus\u00fcbung des waidgerechten Sportfischens,<br>Schaffung, Erhaltung und Ausbau geeigneter Gelegenheiten zur Aus\u00fcbung des waidgerechten Sportfischens,<br>Hege und Pflege des Fischbestandes in den Gew\u00e4ssern,<br>Ma\u00dfnahmen zum Schutz und der Reinhaltung dieser Gew\u00e4sser,<br>Ausbildung der Mitglieder durch Vortr\u00e4ge udgl.,<br>Erhaltung der Sch\u00f6nheit und Urspr\u00fcnglichkeit der Gew\u00e4sser im Sinne des Naturschutzes.<\/p>\n\n\n\n<p>5. Der Verein ist selbstlos t\u00e4tig; er verfolgt nicht in erster Linie eigenwirtschaftliche Zwecke. Mittel des Vereins d\u00fcrfen nur f\u00fcr die satzungsgem\u00e4\u00dfen Zwecke verwendet werden. Die Mitglieder erhalten keine Zuwendungen aus Mitteln des Vereins.<\/p>\n\n\n\n<p>6. Es darf keine Person durch Ausgaben, die dem Zweck der K\u00f6rperschaft fremd sind, oder durch unverh\u00e4ltnism\u00e4\u00dfig hohe Verg\u00fctungen beg\u00fcnstigt werden.<\/p>\n\n\n\n<p><strong>\u00a7 2 Mitgliedschaft<\/strong><\/p>\n\n\n\n<p>Der Verein besteht aus aktiven Mitgliedern, Jugendmitgliedern und passiven Mitgliedern.<br>Aktive Mitglieder sind Erlaubnisscheininhaber f\u00fcr die dem Verein zur Verf\u00fcgung stehenden Gew\u00e4sser. Jugendmitglieder sind Jugendfischereischeininhaber, die nur in Begleitung eines aktiven Mitgliedes an den Gew\u00e4ssern des Vereines angeln d\u00fcrfen.<br>Passive Mitglieder sind sonstige Interessenten und G\u00f6nner des Vereins, die durch ihre Beitragszahlung die Aufgaben des Vereins f\u00f6rdern.<\/p>\n\n\n\n<p><strong>\u00a7 3 Aufnahme der Mitglieder<\/strong><\/p>\n\n\n\n<p>\u00dcber die Aufnahme in den Verein entscheidet auf Grund schriftlichen Antrags die Vorstandschaft mit 2\/3-Mehrheit.&nbsp;Die Anzahl der neu aufzunehmenden aktiven Mitglieder richtet sich nach dem vorhandenen Fischwasser des Vereins. Vor Aufnahme als aktives Mitglied ist eine Aufnahmegeb\u00fchr zu entrichten, deren H\u00f6he die Vorstandschaft festlegt.<\/p>\n\n\n\n<p><strong>\u00a7 4 Rechte und Pflichten der Mitglieder<\/strong><\/p>\n\n\n\n<p>Die Mitglieder haben das Recht auf Unterst\u00fctzung und F\u00f6rderung ihrer angelsportlichen Interessen im Rahmen der Satzungen und nach Ma\u00dfgabe der gesetzlichen Bestimmungen. Hierzu stehen ihnen die Einrichtungen und Veranstaltungen des Vereins zur satzungsgem\u00e4\u00dfen Benutzung offen.<br>Die Mitglieder sind verpflichtet,<\/p>\n\n\n\n<p>1. die Satzung einzuhalten, die satzungsgem\u00e4\u00dfen Anordnungen der Organe des Vereins zu befolgen und die zur Bestreitung der laufenden Unkosten erforderlichen Mitgliedsbeitr\u00e4ge p\u00fcnktlich zu entrichten,<\/p>\n\n\n\n<p>2. dem Verein die zur Durchf\u00fchrung seiner Aufgaben erforderlichen Ausk\u00fcnfte zu erteilen,<\/p>\n\n\n\n<p><strong>Satzung der Angelgemeinschaft Gro\u00dfbardorf e.V. Seite&nbsp;<\/strong>2<\/p>\n\n\n\n<p><\/p>\n\n\n\n<p>3. durch tatkr\u00e4ftige Mitarbeit die Bestrebungen des Vereins zu unterst\u00fctzen und \u00fcber den Verein interessierende Vorg\u00e4nge von Bedeutung dem Verein zu berichten.<\/p>\n\n\n\n<p>Die Vereinsbeitr\u00e4ge werden j\u00e4hrlich in der Mitgliederversammlung nach den finanziellen Bed\u00fcrfnissen des Vereins festgelegt. Die Jahreserlaubnisscheine werden erst nach Zahlung des Jahresbeitrags ausgegeben.<\/p>\n\n\n\n<p><strong>\u00a7 5 Erl\u00f6schen der Mitgliedschaft<\/strong><\/p>\n\n\n\n<p>Die Mitgliedschaft erlischt<br>1. durch Austritt, der nur zum Ende des Kalenderjahres zul\u00e4ssig ist und mindestens 3 Monate<\/p>\n\n\n\n<p>vorher, somit sp\u00e4testens bis 30.9. schriftlich erkl\u00e4rt werden muss. Bei nicht rechtzeitiger Erkl\u00e4rung<\/p>\n\n\n\n<p>ist der n\u00e4chste Jahresbeitrag noch zu zahlen.<br>2. durch Tod. Der Jahresbeitrag ist verfallen, auch nicht in Teilen zur\u00fcckzahlbar. 3. durch Ausschluss aus nachfolgenden Gr\u00fcnden:<\/p>\n\n\n\n<p>a) Vernachl\u00e4ssigung der satzungsgem\u00e4\u00dfen Pflichten trotz Mahnung,<br>b) fortgesetzte Verst\u00f6\u00dfe gegen Bestrebungen oder Interessen des Vereins sowie des Landesverbandes.<\/p>\n\n\n\n<p>\u00dcber den Ausschluss aus dem Verein entscheidet die Vorstandschaft mit 2\/3-Mehrheit. Gegen diesen Entscheid steht dem Betroffenen innerhalb 14 Tagen schriftliche Beschwerde an die Vorstandschaft zu.<br>Ausgetretene und ausgeschlossene Mitglieder haben keinerlei Rechte auf irgendwelches Vereinsverm\u00f6gen. Sie sind zur Leistung des Mitgliedsbeitrages f\u00fcr das laufende Kalenderjahr und zur R\u00fcckgabe des Erlaubnisscheins verpflichtet.<\/p>\n\n\n\n<p><strong>\u00a7 6 Schlichtung<\/strong><\/p>\n\n\n\n<p>Zur Schlichtung von Streitigkeiten zwischen Mitgliedern, sowie zwischen dem Verein und seinen Mitgliedern ist ein Schiedsgericht zust\u00e4ndig, das im Einzelfall zu bestimmen ist, sofern der Streit nicht schon durch die Vorstandschaft beigelegt werden kann. Das Schiedsgericht setzt sich aus der Vorstandschaft und zwei von den streitenden Parteien zu benennenden Mitgliedern zusammen. Es entscheidet mit 2\/3-Mehrheit.<\/p>\n\n\n\n<p><strong>\u00a7 7 Organe des Vereins<\/strong><\/p>\n\n\n\n<p>Organe des Vereins sind:<br>1. Die Vorstandschaft<\/p>\n\n\n\n<p>2. Die j\u00e4hrliche Mitgliederversammlung<br>3. Die au\u00dferordentliche Mitgliederversammlung<\/p>\n\n\n\n<p><strong>\u00a7 8 Vorstandschaft<\/strong><\/p>\n\n\n\n<p>Die Vorstandschaft besteht aus dem Vorsitzenden,<\/p>\n\n\n\n<p>dem stellvertretenden Vorsitzenden, dem Schriftf\u00fchrer,<br>dem Kassier,<br>dem Gew\u00e4sserwart<\/p>\n\n\n\n<p>und zwei Beisitzern.<br>Die Vorstandschaft wird in einer Mitgliederversammlung auf die Dauer von 4 Jahren gew\u00e4hlt und bleibt bis zu einer Neuwahl im Amt.<br>Vorstand im Sinne des \u00a7 26 BGB sind der Vorsitzende und der stellvertretende Vorsitzende, wobei jedem von Ihnen Einzelvertretungsbefugnis erteilt wird, von der im Innenverh\u00e4ltnis aber der stellv. Vorsitzende nur Gebrauch machen darf, wenn der 1. Vorsitzende verhindert ist.<br>Der Vorstand im Sinne des \u00a7 26 BGB ist von den Beschr\u00e4nkungen des \u00a7 181 BGB (Insichgesch\u00e4fte) befreit.<br>In die Vorstandschaft k\u00f6nnen aktive und passive Mitglieder gew\u00e4hlt werden.<br>Der Vorsitzende verf\u00fcgt \u00fcber die Vereinsmittel nach Beschluss der Vorstandschaft.<br>Der Schriftf\u00fchrer fertigt die Sitzungsprotokolle und erledigt die schriftlichen Arbeiten f\u00fcr den Verein. Der Kassier erledigt alle Rechnungs- und Kassenarbeiten nach Weisung des Vorsitzenden.<\/p>\n\n\n\n<p><strong>Satzung der Angelgemeinschaft Gro\u00dfbardorf e.V. Seite&nbsp;<\/strong>3<\/p>\n\n\n\n<p><\/p>\n\n\n\n<p>Der Gew\u00e4sserwart sorgt f\u00fcr Hege und Pflege der vom Verein zu betreuenden Gew\u00e4sser und kann als Hilfe Mitglieder des Vereins heranziehen.<br>Die Vorstandschaft ist durch den Vorsitzenden in der Regel viertelj\u00e4hrlich, jedoch mindestens einmal im Jahr einzuberufen, ferner dann, wenn drei der Vorstandschaftsmitglieder dies schriftlich beantragen. Die Einladungen zu den Vorstandssitzungen sollen mindestens eine Woche vorher erfolgen. Die Mitglieder der Vorstandschaft sind mit je einer Stimme stimmberechtigt, bei Stimmengleichheit entscheidet der Vorsitzende.<\/p>\n\n\n\n<p>Die Vorstandschaft kann nach genauer Beachtung der Interessen des Vereins und der gesetzlichen Bestimmungen Neupachtungen von Gew\u00e4ssern, Besatzma\u00dfnahmen, Angelbeschr\u00e4nkungen und \u00e4hnliche Ma\u00dfnahmen f\u00fcr den Verein beschlie\u00dfen. In eiligen F\u00e4llen kann die Vorstandschaft auch nach telefonischer R\u00fccksprache untereinander Beschl\u00fcsse fassen, die allerdings bei der n\u00e4chsten Sitzung zu best\u00e4tigen sind.<\/p>\n\n\n\n<p>Der Vorstand kann f\u00fcr seine T\u00e4tigkeit eine Verg\u00fctung erhalten. Die H\u00f6he der Verg\u00fctung wird von der Mitgliederversammlung festgesetzt.<\/p>\n\n\n\n<p><strong>\u00a7 9 Mitgliederversammlung<\/strong><\/p>\n\n\n\n<p>Die Mitgliederversammlung ist einmal im Jahr durch den Vorsitzenden einzuberufen. Die Einladung erfolgt sieben Tage vorher schriftlich. Der Mitgliederversammlung obliegt die Wahl der Vorstandschaft und der Kassenrevisoren, die Entgegennahme des Jahresberichtes und des Rechnungsabschlusses sowie die Entlastungserteilung. Sie beschlie\u00dft mit einfacher Stimmenmehrheit. Bei Stimmengleichheit entscheidet der 1. Vorsitzende. Die Mitgliederversammlung ist beschlussf\u00e4hig, auch wenn weniger als die H\u00e4lfte der Mitglieder anwesend sind.<\/p>\n\n\n\n<p>Vorgesehene Satzungs\u00e4nderungen m\u00fcssen mit der Einladung mitgeteilt werden. Zu Satzungs\u00e4nderungen ist die 2\/3-Mehrheit der anwesenden Mitglieder erforderlich.<\/p>\n\n\n\n<p><strong>\u00a7 10 Au\u00dferordentliche Mitgliederversammlung<\/strong><\/p>\n\n\n\n<p>In besonderen F\u00e4llen beruft der Vorsitzende auf Antrag von mindestens einem Viertel der Mitglieder eine au\u00dferordentliche Mitgliederversammlung ein. Der Grund ist mit der Einladung bekannt zu geben. Ansonsten gelten die Bestimmungen und Befugnisse der j\u00e4hrlichen Mitgliederversammlung.<\/p>\n\n\n\n<p><strong>\u00a7 11 Vereinsjahr<\/strong><\/p>\n\n\n\n<p>Das Vereinsjahr ist das Kalenderjahr.<\/p>\n\n\n\n<p><strong>\u00a7 12 Aufl\u00f6sung des Vereins<\/strong><\/p>\n\n\n\n<p>1. Der Verein kann durch Beschluss der j\u00e4hrlichen Mitgliederversammlung oder einer au\u00dferordentlichen Mitgliederversammlung aufgel\u00f6st werden. Dazu ist eine 3\/4-Mehrheit erforderlich. 2. Bei Aufl\u00f6sung des Vereins oder bei Wegfall steuerbeg\u00fcnstigter Zwecke f\u00e4llt das Verm\u00f6gen des Vereins an die Gemeinde Gro\u00dfbardorf, die es unmittelbar und ausschlie\u00dflich f\u00fcr gemeinn\u00fctzige<\/p>\n\n\n\n<p>Zwecke zu verwenden hat.<\/p>\n\n\n\n<p>__________________________<br>Diese Satzung enth\u00e4lt in \u00a7 1, Abs. 2 eine \u00c4nderung der am 9.3.1990 beschlossenen Satzung.<br>Die \u00c4nderung wurde beschlossen am 13.4.90 bei einer au\u00dferordentlichen Mitgliederversammlung mit dem Abstimmungsergebnis 12\/0.<br>Weitere Satzungs\u00e4nderungen:<br>29.12.1992 &#8211;<br>zu \u00a7 9: schriftliche Einladung zur Mitgliederversammlung 7 Tage vorher.<br>&#8230;&#8230; Bei Stimmengleichheit entscheidet der 1. Vorsitzende.<br>zu \u00a7 10: Einladung zur au\u00dferordentlichen Mitgliederversammlung auf Antrag von mindestens einem Viertel der Mitglieder.<br>22.03.2019 &#8211; \u00c4nderungen von \u00a7 1, \u00a7 8, \u00a712<\/p>\n<\/div><\/div>\n\n\n\n<div class=\"wp-block-kadence-tab kt-tab-inner-content kt-inner-tab-2 kt-inner-tab650dcc-6c\"><div class=\"kt-tab-inner-content-inner\">\n<p><strong><mark style=\"background-color:rgba(0, 0, 0, 0);color:#4ad32f\" class=\"has-inline-color\">Abzugeben beim 1. Vorstand Max H\u00f6ppner oder in den Briefkasten am Vereinsheim.<\/mark><\/strong><\/p>\n\n\n\n<p><\/p>\n\n\n\n<div data-wp-interactive=\"core\/file\" class=\"wp-block-file\"><object data-wp-bind--hidden=\"!state.hasPdfPreview\" hidden class=\"wp-block-file__embed\" data=\"https:\/\/angelgemeinschaft.com\/wp-content\/uploads\/2022\/11\/Aufnahmeantrag_IBAN.pdf\" type=\"application\/pdf\" style=\"width:100%;height:600px\" aria-label=\"Einbettung von Aufnahmeantrag_IBAN.\"><\/object><a id=\"wp-block-file--media-2a9a63d2-b76f-4d45-8aed-28956a3a11ec\" href=\"https:\/\/angelgemeinschaft.com\/wp-content\/uploads\/2022\/11\/Aufnahmeantrag_IBAN.pdf\">Aufnahmeantrag_IBAN<\/a><a href=\"https:\/\/angelgemeinschaft.com\/wp-content\/uploads\/2022\/11\/Aufnahmeantrag_IBAN.pdf\" class=\"wp-block-file__button wp-element-button\" download aria-describedby=\"wp-block-file--media-2a9a63d2-b76f-4d45-8aed-28956a3a11ec\">Herunterladen<\/a><\/div>\n<\/div><\/div>\n\n\n\n<div class=\"wp-block-kadence-tab kt-tab-inner-content kt-inner-tab-3 kt-inner-tab364cc2-8b\"><div class=\"kt-tab-inner-content-inner\">\n<figure class=\"wp-block-table is-style-stripes\"><table><thead><tr><th>Postion<\/th><th class=\"has-text-align-center\" data-align=\"center\">Name<\/th><th>Datum<\/th><\/tr><\/thead><tbody><tr><td>1. Vorstand<\/td><td class=\"has-text-align-center\" data-align=\"center\">Max H\u00f6ppner<\/td><td><\/td><\/tr><tr><td>2.Vorstand<\/td><td class=\"has-text-align-center\" data-align=\"center\">Tobias Kneuer<\/td><td><\/td><\/tr><tr><td>Kassier<\/td><td class=\"has-text-align-center\" data-align=\"center\">Sebastian H\u00fcmpfner<\/td><td><\/td><\/tr><tr><td>Schriftf\u00fchrer<\/td><td class=\"has-text-align-center\" data-align=\"center\">Justus Bayer<\/td><td><\/td><\/tr><tr><td>Gew\u00e4sserwart<\/td><td class=\"has-text-align-center\" data-align=\"center\">Dominic R\u00e4th<\/td><td><\/td><\/tr><tr><td>Jugendwart<\/td><td class=\"has-text-align-center\" data-align=\"center\">Lorenz Schlembach<\/td><td><\/td><\/tr><tr><td>Beisitzer<\/td><td class=\"has-text-align-center\" data-align=\"center\">Julien B\u00f6rner<\/td><td><\/td><\/tr><\/tbody><\/table><\/figure>\n<\/div><\/div>\n\n\n\n<div class=\"wp-block-kadence-tab kt-tab-inner-content kt-inner-tab-4 kt-inner-tab01e4ee-9c\"><div class=\"kt-tab-inner-content-inner\">\n<h4 class=\"wp-block-heading\">Von 1985 &#8211; 2015<\/h4>\n\n\n\n<p>Angelgemeinschaft Gro\u00dfbardorf<\/p>\n\n\n\n<p>Am 2. September 1985 wurde die Angelgemeinschaft Gro\u00dfbardorf gegr\u00fcndet.<\/p>\n\n\n\n<p>Die Gr\u00fcndungsmitglieder pachteten den gemeindlichen See, der so am Waldrand gelegen ist, dass eine enge Zusammenarbeit mit dem Jagdp\u00e4chter des betreffenden Jagdbogens geboten war.<\/p>\n\n\n\n<p>Im selben Jahr am 1.12.1985 wurde mit der Gemeinde Gro\u00dfbardorf ein Fischereipachtvertrag  abgeschlossen. <\/p>\n\n\n\n<p>Nach einer Satzungs\u00e4nderung am 22.12.1992 wurde die Angelgemeinschaft als gemeinn\u00fctziger Verein  beim Amtsgericht Bad Neustadt eingetragen.<\/p>\n\n\n\n<p>1992 wurde auch der urspr\u00fcngliche Pachtvertrag durch einen Vertrag auf eine Laufzeit von 99 Jahren ohne Pachtzins ersetzt. Im Gegenzug beteiligte sich die Angelgemeinschaft  an einer von der Gemeinde vorgenommenen Entschl\u00e4mmung des Sees.<\/p>\n\n\n\n<p>1993 erwarb die Angelgemeinschaft Gro\u00dfbardorf eine Anlage aus zwei Seen von Walter Endres, der diese 1970 angelegt hatte.<\/p>\n\n\n\n<p>Erst nach einiger Zeit konnte der Verein diese Seen 1998 grundlegend instandsetzen und nutzen.<\/p>\n\n\n\n<p>Die Angelgemeinschaft veranstaltet seit 1989 j\u00e4hrlich am Fronleichnamstag ein Fischfest, bei dem den Besuchern auf dem Rathausplatz Fischgerichte angeboten werden. Diese Veranstaltung erfreut sich seither wachsenden Zuspruchs. Die Gewinne aus dieser Veranstaltung sind neben den Mitgliedsbeitr\u00e4gen die finanzielle Grundlage f\u00fcr die Vereinsarbeit.<\/p>\n\n\n\n<p>2004 wurde nach Abriss einer bestehenden H\u00fctte am hinteren See eine Ger\u00e4teh\u00fctte erstellt, die nun vom Landratsamt wegen der Einhaltung der Vorschriften dort geduldet wird.<\/p>\n\n\n\n<p>Im Jahre 2006 konnte der Verein eine ehemalige Maschinenhalle kaufen, nach Renovierung und Ausbau als Vereinsheim und Aufbewahrungsplatz dient.&nbsp;<\/p>\n\n\n\n<p>Gro\u00dfbardorf, 16. Januar 2009<\/p>\n\n\n\n<p>Schriftf\u00fchrer<\/p>\n<\/div><\/div>\n\n\n\n<div class=\"wp-block-kadence-tab kt-tab-inner-content kt-inner-tab-5 kt-inner-tab383e22-a7\"><div class=\"kt-tab-inner-content-inner\">\n<figure class=\"wp-block-table is-style-stripes\"><table class=\"has-fixed-layout\"><thead><tr><th>Art<\/th><th><strong>Schonzeit<\/strong><\/th><th><strong>Schonma\u00df (in cm)<\/strong><\/th><\/tr><\/thead><tbody><tr><td><strong>Karausche&nbsp;<\/strong><\/td><td><strong>Ganzj\u00e4hrig&nbsp;<\/strong><\/td><td>&#8211;<\/td><\/tr><tr><td><strong>Grasfisch<\/strong><\/td><td><strong>Ganzj\u00e4hrig<\/strong><\/td><td>&#8211;<\/td><\/tr><tr><td><strong>St\u00f6r<\/strong><\/td><td><strong>Ganzj\u00e4hrig&nbsp;<\/strong><\/td><td>&#8211;<\/td><\/tr><tr><td><strong>Aal<\/strong><\/td><td><strong>1. Oktober bis&nbsp;&nbsp;31. Dezember<\/strong><\/td><td>50<\/td><\/tr><tr><td><strong>Karpfen<\/strong><\/td><td>&#8211;<\/td><td>35<\/td><\/tr><tr><td><strong>Schleie<\/strong><\/td><td><strong>1. Mai bis 30. Juni<\/strong><\/td><td>26<\/td><\/tr><tr><td><strong>Hecht<\/strong><\/td><td><strong>15. Februar bis&nbsp;30. April<\/strong><\/td><td>60<\/td><\/tr><tr><td><strong>Barsch<\/strong><\/td><td>&#8211;<\/td><td>25<\/td><\/tr><tr><td><strong>Zander<\/strong><\/td><td><strong>15. Februar&nbsp;bis&nbsp;30. April<\/strong><\/td><td>50<\/td><\/tr><tr><td><strong>Regenbogenforelle<\/strong><\/td><td><strong>15. Dezember bis 15.M\u00e4rz<\/strong><\/td><td>26<\/td><\/tr><tr><td><strong>Bachsaibling<\/strong><\/td><td>&#8211;<\/td><td>26<\/td><\/tr><tr><td><\/td><td><\/td><td><\/td><\/tr><\/tbody><\/table><figcaption class=\"wp-element-caption\"><strong><mark style=\"background-color:rgba(0, 0, 0, 0)\" class=\"has-inline-color has-vivid-red-color\">Ab 2023 m\u00fcssen alle Fische, die einem Fangverbot unterliegen oder Unterma\u00dfig sind,&nbsp;&nbsp;nach dem Fang <\/mark><\/strong><em><mark style=\"background-color:rgba(0, 0, 0, 0)\" class=\"has-inline-color has-vivid-red-color\"><strong><strong>OHNE AUSNA<\/strong>HME<\/strong>,<\/mark><\/em><strong><mark style=\"background-color:rgba(0, 0, 0, 0)\" class=\"has-inline-color has-vivid-red-color\"> unverz\u00fcglich mit der zu ihrer Erhaltung erforderlichen Behandlung und Vorsicht ins Gew\u00e4sser zur\u00fcckzusetzen werden.<br>z.B. Vorfach so kurz wie m\u00f6glich abschneiden, wenn zu tief geschluckt.<\/mark><\/strong><\/figcaption><\/figure>\n<\/div><\/div>\n\n\n\n<div class=\"wp-block-kadence-tab kt-tab-inner-content kt-inner-tab-6 kt-inner-tab9af3c9-ea\"><div class=\"kt-tab-inner-content-inner\">\n<div data-wp-interactive=\"core\/file\" class=\"wp-block-file\"><object data-wp-bind--hidden=\"!state.hasPdfPreview\" hidden class=\"wp-block-file__embed\" data=\"https:\/\/angelgemeinschaft.com\/wp-content\/uploads\/2025\/01\/32_EF_LMS_Aenderung_Fischereirecht_Regierungen-_Landkreise_Gemeinden.pdf\" type=\"application\/pdf\" style=\"width:100%;height:530px\" aria-label=\"PDF-Einbettung\"><\/object><a href=\"https:\/\/angelgemeinschaft.com\/wp-content\/uploads\/2025\/01\/32_EF_LMS_Aenderung_Fischereirecht_Regierungen-_Landkreise_Gemeinden.pdf\" class=\"wp-block-file__button wp-element-button\" download>Herunterladen<\/a><\/div>\n\n\n\n<div data-wp-interactive=\"core\/file\" class=\"wp-block-file\"><object data-wp-bind--hidden=\"!state.hasPdfPreview\" hidden class=\"wp-block-file__embed\" data=\"https:\/\/angelgemeinschaft.com\/wp-content\/uploads\/2025\/01\/241212-L.-Rueth-Aenderung-BayFiG_AVBayFiG-2025.pdf\" type=\"application\/pdf\" style=\"width:100%;height:600px\" aria-label=\"PDF-Einbettung\"><\/object><a href=\"https:\/\/angelgemeinschaft.com\/wp-content\/uploads\/2025\/01\/241212-L.-Rueth-Aenderung-BayFiG_AVBayFiG-2025.pdf\" class=\"wp-block-file__button wp-element-button\" download>Herunterladen<\/a><\/div>\n<\/div><\/div>\n<\/div><\/div><\/div>\n\n\n\n<p><\/p>\n","protected":false},"excerpt":{"rendered":"","protected":false},"author":1,"featured_media":0,"parent":0,"menu_order":0,"comment_status":"closed","ping_status":"closed","template":"","meta":{"ngg_post_thumbnail":0,"footnotes":""},"class_list":["post-400","page","type-page","status-publish","hentry"],"_links":{"self":[{"href":"https:\/\/angelgemeinschaft.com\/index.php?rest_route=\/wp\/v2\/pages\/400","targetHints":{"allow":["GET"]}}],"collection":[{"href":"https:\/\/angelgemeinschaft.com\/index.php?rest_route=\/wp\/v2\/pages"}],"about":[{"href":"https:\/\/angelgemeinschaft.com\/index.php?rest_route=\/wp\/v2\/types\/page"}],"author":[{"embeddable":true,"href":"https:\/\/angelgemeinschaft.com\/index.php?rest_route=\/wp\/v2\/users\/1"}],"replies":[{"embeddable":true,"href":"https:\/\/angelgemeinschaft.com\/index.php?rest_route=%2Fwp%2Fv2%2Fcomments&post=400"}],"version-history":[{"count":50,"href":"https:\/\/angelgemeinschaft.com\/index.php?rest_route=\/wp\/v2\/pages\/400\/revisions"}],"predecessor-version":[{"id":959,"href":"https:\/\/angelgemeinschaft.com\/index.php?rest_route=\/wp\/v2\/pages\/400\/revisions\/959"}],"wp:attachment":[{"href":"https:\/\/angelgemeinschaft.com\/index.php?rest_route=%2Fwp%2Fv2%2Fmedia&parent=400"}],"curies":[{"name":"wp","href":"https:\/\/api.w.org\/{rel}","templated":true}]}}