{"id":4,"date":"2021-04-18T07:44:09","date_gmt":"2021-04-18T05:44:09","guid":{"rendered":"http:\/\/angelgemeinschaft.com\/willkommen-auf-http-angelgemeinschaft-com"},"modified":"2023-04-19T09:44:26","modified_gmt":"2023-04-19T07:44:26","slug":"willkommen-auf-http-angelgemeinschaft-com","status":"publish","type":"page","link":"https:\/\/angelgemeinschaft.com\/","title":{"rendered":"Startseite   |"},"content":{"rendered":"<style>.wp-block-kadence-advancedbtn.kb-btns_e2b987-e0{gap:var(--global-kb-gap-xs, 0.5rem );justify-content:flex-end;align-items:center;}.kt-btns_e2b987-e0 .kt-button{font-weight:normal;font-style:normal;}.kt-btns_e2b987-e0 .kt-btn-wrap-0{margin-right:5px;}.wp-block-kadence-advancedbtn.kt-btns_e2b987-e0 .kt-btn-wrap-0 .kt-button{color:#555555;border-color:#555555;}.wp-block-kadence-advancedbtn.kt-btns_e2b987-e0 .kt-btn-wrap-0 .kt-button:hover, .wp-block-kadence-advancedbtn.kt-btns_e2b987-e0 .kt-btn-wrap-0 .kt-button:focus{color:#ffffff;border-color:#444444;}.wp-block-kadence-advancedbtn.kt-btns_e2b987-e0 .kt-btn-wrap-0 .kt-button::before{display:none;}.wp-block-kadence-advancedbtn.kt-btns_e2b987-e0 .kt-btn-wrap-0 .kt-button:hover, .wp-block-kadence-advancedbtn.kt-btns_e2b987-e0 .kt-btn-wrap-0 .kt-button:focus{background:#444444;}<\/style>\n<div class=\"wp-block-kadence-advancedbtn kb-buttons-wrap kb-btns_e2b987-e0\"><style>.wp-block-kadence-advancedbtn .kb-btn_0f434b-1c.kb-button, ul.menu .wp-block-kadence-advancedbtn .kb-btn_0f434b-1c.kb-button{width:300px;}.wp-block-kadence-advancedbtn .kb-btn_0f434b-1c.kb-button{color:#ffffff;background:#cf2e2e;box-shadow:5px 5px 2px 0px rgba(0, 0, 0, 0.74);}.kb-btn_0f434b-1c.kb-button .kb-svg-icon-wrap{font-size:37px;--kb-button-icon-size:37px;}<\/style><a class=\"kb-button kt-button button kb-btn_0f434b-1c kt-btn-size-xlarge kt-btn-width-type-fixed kb-btn-global-inherit  kt-btn-has-text-true kt-btn-has-svg-true  wp-block-button__link wp-block-kadence-singlebtn\" href=\"https:\/\/angelgemeinschaft.com\/?page_id=391\"><span class=\"kt-btn-inner-text\">Aktuelle Infos <\/span><span class=\"kb-svg-icon-wrap kb-svg-icon-fe_alertTriangle kt-btn-icon-side-right\"><svg viewBox=\"0 0 24 24\"  fill=\"none\" stroke=\"currentColor\" stroke-width=\"2\" stroke-linecap=\"round\" stroke-linejoin=\"round\" xmlns=\"http:\/\/www.w3.org\/2000\/svg\"  aria-hidden=\"true\"><path d=\"M10.29 3.86L1.82 18a2 2 0 0 0 1.71 3h16.94a2 2 0 0 0 1.71-3L13.71 3.86a2 2 0 0 0-3.42 0z\"\/><line x1=\"12\" y1=\"9\" x2=\"12\" y2=\"13\"\/><line x1=\"12\" y1=\"17\" x2=\"12\" y2=\"17\"\/><\/svg><\/span><\/a><\/div>\n\n\n<style>.wp-block-kadence-spacer.kt-block-spacer-_491b2d-2e .kt-block-spacer{height:60px;}.wp-block-kadence-spacer.kt-block-spacer-_491b2d-2e .kt-divider{border-top-width:1px;height:1px;border-top-color:#4ad32f;width:80%;border-top-style:solid;}<\/style>\n<div class=\"wp-block-kadence-spacer aligncenter kt-block-spacer-_491b2d-2e\"><div class=\"kt-block-spacer kt-block-spacer-halign-center\"><hr class=\"kt-divider\"\/><\/div><\/div>\n\n\n\n<div class=\"wp-block-group\"><div class=\"wp-block-group__inner-container is-layout-constrained wp-block-group-is-layout-constrained\"><\/div><\/div>\n\n\n\n<h2 class=\"wp-block-heading has-text-align-center\"><mark style=\"background-color:rgba(0, 0, 0, 0);color:#4ad32f\" class=\"has-inline-color\">Willkommen und Petri Heil!<\/mark><\/h2>\n\n\n\n<div class=\"wp-block-buttons alignwide is-content-justification-center is-layout-flex wp-container-core-buttons-is-layout-16018d1d wp-block-buttons-is-layout-flex\"><\/div>\n\n\n<style>.wp-block-kadence-spacer.kt-block-spacer-_27ee1c-df .kt-block-spacer{height:60px;}.wp-block-kadence-spacer.kt-block-spacer-_27ee1c-df .kt-divider{border-top-width:1px;height:1px;border-top-color:#eee;width:80%;border-top-style:solid;}<\/style>\n<div class=\"wp-block-kadence-spacer aligncenter kt-block-spacer-_27ee1c-df\"><div class=\"kt-block-spacer kt-block-spacer-halign-center\"><hr class=\"kt-divider\"\/><\/div><\/div>\n\n\n\n<p class=\"has-text-align-center has-medium-font-size\">Wir freuen uns sie auf unserer Webseite begr\u00fc\u00dfen zu d\u00fcrfen. <\/p>\n\n\n\n<p class=\"has-text-align-center has-medium-font-size\">Hier finden sie alle Infos \u00fcber unseren Verein, Veranstaltungen und Aktuelles. <\/p>\n\n\n\n<p class=\"has-text-align-center has-medium-font-size\">Petri Heil <\/p>\n\n\n\n<p class=\"has-text-align-center has-medium-font-size\">Eure Vorstandschaft <\/p>\n\n\n\n<p class=\"has-text-align-center has-medium-font-size\">Angelgemeinschaft Gro\u00dfbardorf<\/p>\n\n\n<style>.wp-block-kadence-spacer.kt-block-spacer-_e7b6ef-3b .kt-block-spacer{height:60px;}.wp-block-kadence-spacer.kt-block-spacer-_e7b6ef-3b .kt-divider{border-top-width:1px;height:1px;border-top-color:#eee;width:80%;border-top-style:solid;}<\/style>\n<div class=\"wp-block-kadence-spacer aligncenter kt-block-spacer-_e7b6ef-3b\"><div class=\"kt-block-spacer kt-block-spacer-halign-center\"><hr class=\"kt-divider\"\/><\/div><\/div>\n\n\n\n<p class=\"has-text-align-center has-normal-font-size\"><\/p>\n\n\n\n<p><\/p>\n\n\n\n<ul class=\"wp-block-list\">\n<li><\/li>\n<\/ul>\n","protected":false},"excerpt":{"rendered":"<p>Willkommen und Petri Heil! Wir freuen uns sie auf unserer Webseite begr\u00fc\u00dfen zu d\u00fcrfen. Hier finden sie alle Infos \u00fcber unseren Verein, Veranstaltungen und Aktuelles. Petri Heil Eure Vorstandschaft Angelgemeinschaft Gro\u00dfbardorf<\/p>\n","protected":false},"author":1,"featured_media":0,"parent":0,"menu_order":1,"comment_status":"closed","ping_status":"closed","template":"","meta":{"ngg_post_thumbnail":0,"footnotes":""},"class_list":["post-4","page","type-page","status-publish","hentry"],"_links":{"self":[{"href":"https:\/\/angelgemeinschaft.com\/index.php?rest_route=\/wp\/v2\/pages\/4","targetHints":{"allow":["GET"]}}],"collection":[{"href":"https:\/\/angelgemeinschaft.com\/index.php?rest_route=\/wp\/v2\/pages"}],"about":[{"href":"https:\/\/angelgemeinschaft.com\/index.php?rest_route=\/wp\/v2\/types\/page"}],"author":[{"embeddable":true,"href":"https:\/\/angelgemeinschaft.com\/index.php?rest_route=\/wp\/v2\/users\/1"}],"replies":[{"embeddable":true,"href":"https:\/\/angelgemeinschaft.com\/index.php?rest_route=%2Fwp%2Fv2%2Fcomments&post=4"}],"version-history":[{"count":83,"href":"https:\/\/angelgemeinschaft.com\/index.php?rest_route=\/wp\/v2\/pages\/4\/revisions"}],"predecessor-version":[{"id":700,"href":"https:\/\/angelgemeinschaft.com\/index.php?rest_route=\/wp\/v2\/pages\/4\/revisions\/700"}],"wp:attachment":[{"href":"https:\/\/angelgemeinschaft.com\/index.php?rest_route=%2Fwp%2Fv2%2Fmedia&parent=4"}],"curies":[{"name":"wp","href":"https:\/\/api.w.org\/{rel}","templated":true}]}}