{"id":391,"date":"2022-11-08T23:27:37","date_gmt":"2022-11-08T22:27:37","guid":{"rendered":"https:\/\/angelgemeinschaft.com\/?page_id=391"},"modified":"2025-10-10T10:29:03","modified_gmt":"2025-10-10T08:29:03","slug":"aktuelle-infos","status":"publish","type":"page","link":"https:\/\/angelgemeinschaft.com\/?page_id=391","title":{"rendered":"Aktuelle Infos  |"},"content":{"rendered":"<style>.wp-block-kadence-spacer.kt-block-spacer-391_9c98e8-f7 .kt-block-spacer{height:60px;}.wp-block-kadence-spacer.kt-block-spacer-391_9c98e8-f7 .kt-divider{border-top-width:1px;height:1px;border-top-color:#4ad32f;width:80%;border-top-style:solid;}<\/style>\n<div class=\"wp-block-kadence-spacer aligncenter kt-block-spacer-391_9c98e8-f7\"><div class=\"kt-block-spacer kt-block-spacer-halign-center\"><hr class=\"kt-divider\"\/><\/div><\/div>\n\n\n\n<div style=\"padding:25px\" class=\"wp-block-tnp-minimal\"><p>Abonniere unseren Newsletter um auf dem laufenden zu bleiben!<\/p><div><div class=\"tnp tnp-subscription-minimal  \"><form action=\"https:\/\/angelgemeinschaft.com\/wp-admin\/admin-ajax.php?action=tnp&amp;na=s\" method=\"post\" style=\"text-align: center\"><input type=\"hidden\" name=\"nr\" value=\"minimal\">\n<input type=\"hidden\" name=\"nlang\" value=\"\">\n<input class=\"tnp-email\" type=\"email\" required name=\"ne\" value=\"\" placeholder=\"Email\"><input class=\"tnp-submit\" type=\"submit\" value=\"Abonnieren\" style=\"\">\n<div class=\"tnp-field tnp-privacy-field\"><label><input type=\"checkbox\" name=\"ny\" required class=\"tnp-privacy\"> <a target=\"_blank\" href=\"https:\/\/angelgemeinschaft.com\/?page_id=103\">Indem Du fortf\u00e4hrst, akzeptierst Du unsere Datenschutzerkl\u00e4rung.<\/a><\/label><\/div><\/form><\/div>\n<\/div><\/div>\n\n\n\n<h3 class=\"wp-block-heading\"><em><strong><mark style=\"background-color:rgba(0, 0, 0, 0);color:#4ad32f\" class=\"has-inline-color\">Infos f\u00fcr den Verein<\/mark><\/strong><\/em><\/h3>\n\n\n\n<hr class=\"wp-block-separator has-alpha-channel-opacity\"\/>\n\n\n\n<hr class=\"wp-block-separator has-alpha-channel-opacity\"\/>\n\n\n<style>.wp-block-kadence-column.kb-section-dir-horizontal > .kt-inside-inner-col > .kt-info-box391_1ca28b-7b .kt-blocks-info-box-link-wrap{max-width:unset;}.kt-info-box391_1ca28b-7b .kt-blocks-info-box-link-wrap{padding-top:var(--global-kb-spacing-xs, 1rem);padding-right:var(--global-kb-spacing-xs, 1rem);padding-bottom:var(--global-kb-spacing-xs, 1rem);padding-left:var(--global-kb-spacing-xs, 1rem);}.kt-info-box391_1ca28b-7b .kadence-info-box-icon-container .kt-info-svg-icon, .kt-info-box391_1ca28b-7b .kt-info-svg-icon-flip, .kt-info-box391_1ca28b-7b .kt-blocks-info-box-number{font-size:50px;}.kt-info-box391_1ca28b-7b .kt-blocks-info-box-media{border-top-width:0px;border-right-width:0px;border-bottom-width:0px;border-left-width:0px;padding-top:10px;padding-right:10px;padding-bottom:10px;padding-left:10px;}.kt-info-box391_1ca28b-7b .kt-blocks-info-box-media-container{margin-top:0px;margin-right:15px;margin-bottom:0px;margin-left:15px;}.kt-info-box391_1ca28b-7b .kt-blocks-info-box-learnmore{background:transparent;border-width:0px 0px 0px 0px;padding-top:4px;padding-right:8px;padding-bottom:4px;padding-left:8px;margin-top:10px;margin-right:0px;margin-bottom:10px;margin-left:0px;}<\/style>\n<div class=\"wp-block-kadence-infobox kt-info-box391_1ca28b-7b\"><span class=\"kt-blocks-info-box-link-wrap info-box-link kt-blocks-info-box-media-align-top kt-info-halign-center\"><div class=\"kt-blocks-info-box-media-container\"><div class=\"kt-blocks-info-box-media kt-info-media-animate-none\"><div class=\"kadence-info-box-icon-container kt-info-icon-animate-none\"><div class=\"kadence-info-box-icon-inner-container\"><span class=\"kb-svg-icon-wrap kb-svg-icon-fe_aperture kt-info-svg-icon\"><svg viewBox=\"0 0 24 24\"  fill=\"none\" stroke=\"currentColor\" stroke-width=\"2\" stroke-linecap=\"round\" stroke-linejoin=\"round\" xmlns=\"http:\/\/www.w3.org\/2000\/svg\"  aria-hidden=\"true\"><circle cx=\"12\" cy=\"12\" r=\"10\"\/><line x1=\"14.31\" y1=\"8\" x2=\"20.05\" y2=\"17.94\"\/><line x1=\"9.69\" y1=\"8\" x2=\"21.17\" y2=\"8\"\/><line x1=\"7.38\" y1=\"12\" x2=\"13.12\" y2=\"2.06\"\/><line x1=\"9.69\" y1=\"16\" x2=\"3.95\" y2=\"6.06\"\/><line x1=\"14.31\" y1=\"16\" x2=\"2.83\" y2=\"16\"\/><line x1=\"16.62\" y1=\"12\" x2=\"10.88\" y2=\"21.94\"\/><\/svg><\/span><\/div><\/div><\/div><\/div><div class=\"kt-infobox-textcontent\"><h2 class=\"kt-blocks-info-box-title\">Achtung !!!<br>Hechtsee Gesperrt<\/h2><p class=\"kt-blocks-info-box-text\"><\/p><\/div><\/span><\/div>\n\n\n\n<hr class=\"wp-block-separator has-alpha-channel-opacity\"\/>\n\n\n<style>.wp-block-kadence-column.kb-section-dir-horizontal > .kt-inside-inner-col > .kt-info-box391_6eb3ef-8e .kt-blocks-info-box-link-wrap{max-width:unset;}.kt-info-box391_6eb3ef-8e .kt-blocks-info-box-link-wrap{padding-top:var(--global-kb-spacing-xs, 1rem);padding-right:var(--global-kb-spacing-xs, 1rem);padding-bottom:var(--global-kb-spacing-xs, 1rem);padding-left:var(--global-kb-spacing-xs, 1rem);}.kt-info-box391_6eb3ef-8e .kadence-info-box-icon-container .kt-info-svg-icon, .kt-info-box391_6eb3ef-8e .kt-info-svg-icon-flip, .kt-info-box391_6eb3ef-8e .kt-blocks-info-box-number{font-size:50px;}.kt-info-box391_6eb3ef-8e .kt-blocks-info-box-media{border-top-width:0px;border-right-width:0px;border-bottom-width:0px;border-left-width:0px;padding-top:10px;padding-right:10px;padding-bottom:10px;padding-left:10px;}.kt-info-box391_6eb3ef-8e .kt-blocks-info-box-media-container{margin-top:0px;margin-right:15px;margin-bottom:0px;margin-left:15px;}.kt-info-box391_6eb3ef-8e .kt-blocks-info-box-learnmore{background:transparent;border-width:0px 0px 0px 0px;padding-top:4px;padding-right:8px;padding-bottom:4px;padding-left:8px;margin-top:10px;margin-right:0px;margin-bottom:10px;margin-left:0px;}<\/style>\n<div class=\"wp-block-kadence-infobox kt-info-box391_6eb3ef-8e\"><a class=\"kt-blocks-info-box-link-wrap info-box-link kt-blocks-info-box-media-align-top kt-info-halign-center\" href=\"https:\/\/angelgemeinschaft.com\/?page_id=400#tab-rechtliches\"><div class=\"kt-blocks-info-box-media-container\"><div class=\"kt-blocks-info-box-media kt-info-media-animate-none\"><div class=\"kadence-info-box-icon-container kt-info-icon-animate-none\"><div class=\"kadence-info-box-icon-inner-container\"><span class=\"kb-svg-icon-wrap kb-svg-icon-fe_aperture kt-info-svg-icon\"><svg viewBox=\"0 0 24 24\"  fill=\"none\" stroke=\"currentColor\" stroke-width=\"2\" stroke-linecap=\"round\" stroke-linejoin=\"round\" xmlns=\"http:\/\/www.w3.org\/2000\/svg\"  aria-hidden=\"true\"><circle cx=\"12\" cy=\"12\" r=\"10\"\/><line x1=\"14.31\" y1=\"8\" x2=\"20.05\" y2=\"17.94\"\/><line x1=\"9.69\" y1=\"8\" x2=\"21.17\" y2=\"8\"\/><line x1=\"7.38\" y1=\"12\" x2=\"13.12\" y2=\"2.06\"\/><line x1=\"9.69\" y1=\"16\" x2=\"3.95\" y2=\"6.06\"\/><line x1=\"14.31\" y1=\"16\" x2=\"2.83\" y2=\"16\"\/><line x1=\"16.62\" y1=\"12\" x2=\"10.88\" y2=\"21.94\"\/><\/svg><\/span><\/div><\/div><\/div><\/div><div class=\"kt-infobox-textcontent\"><h2 class=\"kt-blocks-info-box-title\">Infos zum Jugendfischereischein 01.01.2025<\/h2><p class=\"kt-blocks-info-box-text\"><strong>Klick Hier<\/strong><\/p><\/div><\/a><\/div>\n\n\n\n<hr class=\"wp-block-separator has-alpha-channel-opacity\"\/>\n\n\n<style>.wp-block-kadence-column.kb-section-dir-horizontal > .kt-inside-inner-col > .kt-info-box391_0ca1b9-e5 .kt-blocks-info-box-link-wrap{max-width:unset;}.kt-info-box391_0ca1b9-e5 .kt-blocks-info-box-link-wrap{padding-top:var(--global-kb-spacing-xs, 1rem);padding-right:var(--global-kb-spacing-xs, 1rem);padding-bottom:var(--global-kb-spacing-xs, 1rem);padding-left:var(--global-kb-spacing-xs, 1rem);}.kt-info-box391_0ca1b9-e5 .kadence-info-box-icon-container .kt-info-svg-icon, .kt-info-box391_0ca1b9-e5 .kt-info-svg-icon-flip, .kt-info-box391_0ca1b9-e5 .kt-blocks-info-box-number{font-size:50px;}.kt-info-box391_0ca1b9-e5 .kt-blocks-info-box-media{border-top-width:0px;border-right-width:0px;border-bottom-width:0px;border-left-width:0px;padding-top:10px;padding-right:10px;padding-bottom:10px;padding-left:10px;}.kt-info-box391_0ca1b9-e5 .kt-blocks-info-box-media-container{margin-top:0px;margin-right:15px;margin-bottom:0px;margin-left:15px;}.kt-info-box391_0ca1b9-e5 .kt-blocks-info-box-learnmore{background:transparent;border-width:0px 0px 0px 0px;padding-top:4px;padding-right:8px;padding-bottom:4px;padding-left:8px;margin-top:10px;margin-right:0px;margin-bottom:10px;margin-left:0px;}<\/style>\n<div class=\"wp-block-kadence-infobox kt-info-box391_0ca1b9-e5\"><a class=\"kt-blocks-info-box-link-wrap info-box-link kt-blocks-info-box-media-align-top kt-info-halign-center\" href=\"https:\/\/angelgemeinschaft.com\/?page_id=400\"><div class=\"kt-blocks-info-box-media-container\"><div class=\"kt-blocks-info-box-media kt-info-media-animate-none\"><div class=\"kadence-info-box-icon-container kt-info-icon-animate-none\"><div class=\"kadence-info-box-icon-inner-container\"><span class=\"kb-svg-icon-wrap kb-svg-icon-fe_aperture kt-info-svg-icon\"><svg viewBox=\"0 0 24 24\"  fill=\"none\" stroke=\"currentColor\" stroke-width=\"2\" stroke-linecap=\"round\" stroke-linejoin=\"round\" xmlns=\"http:\/\/www.w3.org\/2000\/svg\"  aria-hidden=\"true\"><circle cx=\"12\" cy=\"12\" r=\"10\"\/><line x1=\"14.31\" y1=\"8\" x2=\"20.05\" y2=\"17.94\"\/><line x1=\"9.69\" y1=\"8\" x2=\"21.17\" y2=\"8\"\/><line x1=\"7.38\" y1=\"12\" x2=\"13.12\" y2=\"2.06\"\/><line x1=\"9.69\" y1=\"16\" x2=\"3.95\" y2=\"6.06\"\/><line x1=\"14.31\" y1=\"16\" x2=\"2.83\" y2=\"16\"\/><line x1=\"16.62\" y1=\"12\" x2=\"10.88\" y2=\"21.94\"\/><\/svg><\/span><\/div><\/div><\/div><\/div><div class=\"kt-infobox-textcontent\"><h2 class=\"kt-blocks-info-box-title\">Neue Gesetzliche Schonma\u00dfe \/ Zeiten 2023<\/h2><p class=\"kt-blocks-info-box-text\"><strong>Klick Hier<\/strong><\/p><\/div><\/a><\/div>\n\n\n\n<hr class=\"wp-block-separator has-alpha-channel-opacity\"\/>\n\n\n<style>.wp-block-kadence-column.kb-section-dir-horizontal > .kt-inside-inner-col > .kt-info-box391_0e83fd-0a .kt-blocks-info-box-link-wrap{max-width:unset;}.kt-info-box391_0e83fd-0a .kt-blocks-info-box-link-wrap{padding-top:var(--global-kb-spacing-xs, 1rem);padding-right:var(--global-kb-spacing-xs, 1rem);padding-bottom:var(--global-kb-spacing-xs, 1rem);padding-left:var(--global-kb-spacing-xs, 1rem);}.kt-info-box391_0e83fd-0a .kadence-info-box-icon-container .kt-info-svg-icon, .kt-info-box391_0e83fd-0a .kt-info-svg-icon-flip, .kt-info-box391_0e83fd-0a .kt-blocks-info-box-number{font-size:50px;}.kt-info-box391_0e83fd-0a .kt-blocks-info-box-media{border-top-width:0px;border-right-width:0px;border-bottom-width:0px;border-left-width:0px;padding-top:10px;padding-right:10px;padding-bottom:10px;padding-left:10px;}.kt-info-box391_0e83fd-0a .kt-blocks-info-box-media-container{margin-top:0px;margin-right:15px;margin-bottom:0px;margin-left:15px;}.kt-info-box391_0e83fd-0a .kt-blocks-info-box-learnmore{background:transparent;border-width:0px 0px 0px 0px;padding-top:4px;padding-right:8px;padding-bottom:4px;padding-left:8px;margin-top:10px;margin-right:0px;margin-bottom:10px;margin-left:0px;}<\/style>\n<div class=\"wp-block-kadence-infobox kt-info-box391_0e83fd-0a\"><span class=\"kt-blocks-info-box-link-wrap info-box-link kt-blocks-info-box-media-align-top kt-info-halign-center\"><div class=\"kt-blocks-info-box-media-container\"><div class=\"kt-blocks-info-box-media kt-info-media-animate-none\"><div class=\"kadence-info-box-icon-container kt-info-icon-animate-none\"><div class=\"kadence-info-box-icon-inner-container\"><span class=\"kb-svg-icon-wrap kb-svg-icon-fe_aperture kt-info-svg-icon\"><svg viewBox=\"0 0 24 24\"  fill=\"none\" stroke=\"currentColor\" stroke-width=\"2\" stroke-linecap=\"round\" stroke-linejoin=\"round\" xmlns=\"http:\/\/www.w3.org\/2000\/svg\"  aria-hidden=\"true\"><circle cx=\"12\" cy=\"12\" r=\"10\"\/><line x1=\"14.31\" y1=\"8\" x2=\"20.05\" y2=\"17.94\"\/><line x1=\"9.69\" y1=\"8\" x2=\"21.17\" y2=\"8\"\/><line x1=\"7.38\" y1=\"12\" x2=\"13.12\" y2=\"2.06\"\/><line x1=\"9.69\" y1=\"16\" x2=\"3.95\" y2=\"6.06\"\/><line x1=\"14.31\" y1=\"16\" x2=\"2.83\" y2=\"16\"\/><line x1=\"16.62\" y1=\"12\" x2=\"10.88\" y2=\"21.94\"\/><\/svg><\/span><\/div><\/div><\/div><\/div><div class=\"kt-infobox-textcontent\"><h2 class=\"kt-blocks-info-box-title\">Unterma\u00dfige Fische!!!<\/h2><p class=\"kt-blocks-info-box-text\">Ab 2023 m\u00fcssen alle Fische, die einem Fangverbot unterliegen oder Unterma\u00dfig sind, nach dem Fang <strong>Ohne Ausnahme, <\/strong>unverz\u00fcglich mit der zu ihrer Erhaltung erforderlichen Behandlung und Vorsicht ins Gew\u00e4sser zur\u00fcckgesetzt werden.<br>z.B. Vorfach so kurz wie m\u00f6glich abschneiden, wenn zu tief geschluckt.<br><\/p><\/div><\/span><\/div>\n\n\n\n<hr class=\"wp-block-separator has-alpha-channel-opacity\"\/>\n\n\n<style>.wp-block-kadence-column.kb-section-dir-horizontal > .kt-inside-inner-col > .kt-info-box391_465913-0c .kt-blocks-info-box-link-wrap{max-width:unset;}.kt-info-box391_465913-0c .kt-blocks-info-box-link-wrap{padding-top:var(--global-kb-spacing-xs, 1rem);padding-right:var(--global-kb-spacing-xs, 1rem);padding-bottom:var(--global-kb-spacing-xs, 1rem);padding-left:var(--global-kb-spacing-xs, 1rem);}.kt-info-box391_465913-0c .kadence-info-box-icon-container .kt-info-svg-icon, .kt-info-box391_465913-0c .kt-info-svg-icon-flip, .kt-info-box391_465913-0c .kt-blocks-info-box-number{font-size:50px;}.kt-info-box391_465913-0c .kt-blocks-info-box-media{border-top-width:0px;border-right-width:0px;border-bottom-width:0px;border-left-width:0px;padding-top:10px;padding-right:10px;padding-bottom:10px;padding-left:10px;}.kt-info-box391_465913-0c .kt-blocks-info-box-media-container{margin-top:0px;margin-right:15px;margin-bottom:0px;margin-left:15px;}.kt-info-box391_465913-0c .kt-blocks-info-box-learnmore{background:transparent;border-width:0px 0px 0px 0px;padding-top:4px;padding-right:8px;padding-bottom:4px;padding-left:8px;margin-top:10px;margin-right:0px;margin-bottom:10px;margin-left:0px;}<\/style>\n<div class=\"wp-block-kadence-infobox kt-info-box391_465913-0c\"><span class=\"kt-blocks-info-box-link-wrap info-box-link kt-blocks-info-box-media-align-top kt-info-halign-center\"><div class=\"kt-blocks-info-box-media-container\"><div class=\"kt-blocks-info-box-media kt-info-media-animate-none\"><div class=\"kadence-info-box-icon-container kt-info-icon-animate-none\"><div class=\"kadence-info-box-icon-inner-container\"><span class=\"kb-svg-icon-wrap kb-svg-icon-fe_aperture kt-info-svg-icon\"><svg viewBox=\"0 0 24 24\"  fill=\"none\" stroke=\"currentColor\" stroke-width=\"2\" stroke-linecap=\"round\" stroke-linejoin=\"round\" xmlns=\"http:\/\/www.w3.org\/2000\/svg\"  aria-hidden=\"true\"><circle cx=\"12\" cy=\"12\" r=\"10\"\/><line x1=\"14.31\" y1=\"8\" x2=\"20.05\" y2=\"17.94\"\/><line x1=\"9.69\" y1=\"8\" x2=\"21.17\" y2=\"8\"\/><line x1=\"7.38\" y1=\"12\" x2=\"13.12\" y2=\"2.06\"\/><line x1=\"9.69\" y1=\"16\" x2=\"3.95\" y2=\"6.06\"\/><line x1=\"14.31\" y1=\"16\" x2=\"2.83\" y2=\"16\"\/><line x1=\"16.62\" y1=\"12\" x2=\"10.88\" y2=\"21.94\"\/><\/svg><\/span><\/div><\/div><\/div><\/div><div class=\"kt-infobox-textcontent\"><h2 class=\"kt-blocks-info-box-title\">Gastkarten<\/h2><p class=\"kt-blocks-info-box-text\">Kastkarten sind ausschlie\u00dflich beim Gew\u00e4sserwart zu erwerben (Dominik R\u00e4th).<br>Kontaktdaten auf der Fangliste Vorhanden.<br>Voraussetzung hierf\u00fcr ist das ein Aktives Mitglied am gesamten Angeltag mit anwesend ist.<br><\/p><\/div><\/span><\/div>\n\n\n\n<hr class=\"wp-block-separator has-alpha-channel-opacity\"\/>\n","protected":false},"excerpt":{"rendered":"<p>Infos f\u00fcr den Verein<\/p>\n","protected":false},"author":1,"featured_media":0,"parent":0,"menu_order":0,"comment_status":"closed","ping_status":"closed","template":"","meta":{"ngg_post_thumbnail":0,"footnotes":""},"class_list":["post-391","page","type-page","status-publish","hentry"],"_links":{"self":[{"href":"https:\/\/angelgemeinschaft.com\/index.php?rest_route=\/wp\/v2\/pages\/391","targetHints":{"allow":["GET"]}}],"collection":[{"href":"https:\/\/angelgemeinschaft.com\/index.php?rest_route=\/wp\/v2\/pages"}],"about":[{"href":"https:\/\/angelgemeinschaft.com\/index.php?rest_route=\/wp\/v2\/types\/page"}],"author":[{"embeddable":true,"href":"https:\/\/angelgemeinschaft.com\/index.php?rest_route=\/wp\/v2\/users\/1"}],"replies":[{"embeddable":true,"href":"https:\/\/angelgemeinschaft.com\/index.php?rest_route=%2Fwp%2Fv2%2Fcomments&post=391"}],"version-history":[{"count":70,"href":"https:\/\/angelgemeinschaft.com\/index.php?rest_route=\/wp\/v2\/pages\/391\/revisions"}],"predecessor-version":[{"id":956,"href":"https:\/\/angelgemeinschaft.com\/index.php?rest_route=\/wp\/v2\/pages\/391\/revisions\/956"}],"wp:attachment":[{"href":"https:\/\/angelgemeinschaft.com\/index.php?rest_route=%2Fwp%2Fv2%2Fmedia&parent=391"}],"curies":[{"name":"wp","href":"https:\/\/api.w.org\/{rel}","templated":true}]}}